{"id":3329,"date":"2015-08-23T15:26:39","date_gmt":"2015-08-23T13:26:39","guid":{"rendered":"http:\/\/www.iraville.de\/blog\/?page_id=3329"},"modified":"2016-11-24T05:33:59","modified_gmt":"2016-11-24T04:33:59","slug":"materialien","status":"publish","type":"page","link":"http:\/\/www.iraville.de\/blog\/?page_id=3329","title":{"rendered":"Materialien"},"content":{"rendered":"<p><a href=\"http:\/\/www.iraville.de\/blog\/wp-content\/uploads\/supplies.jpg\"><img decoding=\"async\" loading=\"lazy\" class=\"alignnone size-full wp-image-3332\" alt=\"supplies\" src=\"http:\/\/www.iraville.de\/blog\/wp-content\/uploads\/supplies.jpg\" width=\"640\" height=\"640\" srcset=\"http:\/\/www.iraville.de\/blog\/wp-content\/uploads\/supplies.jpg 640w, http:\/\/www.iraville.de\/blog\/wp-content\/uploads\/supplies-150x150.jpg 150w, http:\/\/www.iraville.de\/blog\/wp-content\/uploads\/supplies-300x300.jpg 300w\" sizes=\"(max-width: 640px) 100vw, 640px\" \/><\/a><\/p>\n<p>Wegen gro\u00dfer Nachfrage: Hier sind meine Materialien mit denen ich\u00a0traditionell arbeite. Es \u00e4ndert sich immer ein wenig, da ich gerne experimentiere und neue Sachen ausprobiere. Ausserdem passt nicht alles auf ein Bild, darum vorerst nur das Wichtigste:<\/p>\n<p>1. Arches Aquarell\u00a0Block cold pressed 100% Cotton<br \/>\n2. Sennelier Aquarell Block cold pressed 100% Cotton<br \/>\n3. Stillman &amp; Birn Skizzenbuch gebunden gamma<br \/>\n4. Stillman &amp; Birn Skizzenblock alpha<br \/>\n5. Tuschen a) Sennelier farbige Schellack basierte\u00a0Tusche (rot wird hier gezeigt, aber ich habe einige weitere Farben) b) Sennelier schwarzer Tusche<br \/>\n6.\u00a0Schmincke HORADAM Aquarell-Kasten<br \/>\n7. Daniel Smith extra feine Aquarell Farben\u00a0in\u00a0Tuben (Ich habe einige mehr, aber ich hatte nicht genug Platz auf dem Bild, um alle zeigen)<br \/>\n8. Schmincke HORADAM Aquarell Farben\u00a0in Tuben (Ich habe einige mehr, aber ich hatte nicht genug Platz auf dem Bild, um alle zeigen)<br \/>\n9.\u00a0 Blumen Paletten\u00a0\u00a0zum Mischen der Farben<br \/>\n10. Faber Castell Polychromos in verschiedenen Farben (hier sind nur einige abgebildet)<br \/>\n11. von oben nach unten: Pentel Pinsel Stift, Pentel Waterbrush gef\u00fcllt mit einem grauen Tinten-Wasser-Gemisch, Pentel Waterbrush mit Wasser gef\u00fcllt, Da Vinci Maestro\u00a0Pinsel in\u00a0verschiedenen Gr\u00f6\u00dfen, Molotow Maskierfl\u00fcssigkeit marker, wei\u00dfer Gel Stift, Molotow Marker wei\u00df (habe noch andere Farben), Koh-i-Noor Zeichenstifte in rot und blau (oder ich\u00a0benutze Prismacolor Col\u00a0Erase Stifte), Faber Castell Pitt Artist Pen Gr\u00f6\u00dfe S<\/p>\n<div id=\"gt-edit\">\n<div><textarea dir=\"ltr\" id=\"contribute-target\" spellcheck=\"false\" tabindex=\"0\" autocomplete=\"off\" name=\"edit-text\" rows=\"1\" wrap=\"SOFT\"><\/textarea><\/p>\n<div id=\"gt-clear\" role=\"button\" data-tooltip-align=\"t,c\" data-tooltip=\"Text l\u00f6schen\"><\/div>\n<\/div>\n<\/div>\n<div id=\"gt-res-tools\"><\/div>\n","protected":false},"excerpt":{"rendered":"<p>Wegen gro\u00dfer Nachfrage: Hier sind meine Materialien mit denen ich\u00a0traditionell arbeite. Es \u00e4ndert sich immer ein wenig, da ich gerne experimentiere und neue Sachen ausprobiere. Ausserdem passt nicht alles auf ein Bild, darum vorerst nur das Wichtigste: 1. Arches Aquarell\u00a0Block &hellip; <a href=\"http:\/\/www.iraville.de\/blog\/?page_id=3329\">Continue reading <span class=\"meta-nav\">&rarr;<\/span><\/a><\/p>\n","protected":false},"author":1,"featured_media":0,"parent":0,"menu_order":0,"comment_status":"closed","ping_status":"open","template":"","meta":[],"_links":{"self":[{"href":"http:\/\/www.iraville.de\/blog\/index.php?rest_route=\/wp\/v2\/pages\/3329"}],"collection":[{"href":"http:\/\/www.iraville.de\/blog\/index.php?rest_route=\/wp\/v2\/pages"}],"about":[{"href":"http:\/\/www.iraville.de\/blog\/index.php?rest_route=\/wp\/v2\/types\/page"}],"author":[{"embeddable":true,"href":"http:\/\/www.iraville.de\/blog\/index.php?rest_route=\/wp\/v2\/users\/1"}],"replies":[{"embeddable":true,"href":"http:\/\/www.iraville.de\/blog\/index.php?rest_route=%2Fwp%2Fv2%2Fcomments&post=3329"}],"version-history":[{"count":6,"href":"http:\/\/www.iraville.de\/blog\/index.php?rest_route=\/wp\/v2\/pages\/3329\/revisions"}],"predecessor-version":[{"id":3337,"href":"http:\/\/www.iraville.de\/blog\/index.php?rest_route=\/wp\/v2\/pages\/3329\/revisions\/3337"}],"wp:attachment":[{"href":"http:\/\/www.iraville.de\/blog\/index.php?rest_route=%2Fwp%2Fv2%2Fmedia&parent=3329"}],"curies":[{"name":"wp","href":"https:\/\/api.w.org\/{rel}","templated":true}]}}