{"id":3712,"date":"2018-12-02T15:09:01","date_gmt":"2018-12-02T14:09:01","guid":{"rendered":"http:\/\/www.iraville.de\/blog\/?page_id=3712"},"modified":"2018-12-21T14:37:41","modified_gmt":"2018-12-21T13:37:41","slug":"artbook-cozy-days-the-art-of-iraville","status":"publish","type":"page","link":"http:\/\/www.iraville.de\/blog\/?page_id=3712","title":{"rendered":"Artbook"},"content":{"rendered":"<p><a href=\"http:\/\/www.iraville.de\/blog\/wp-content\/uploads\/buch_draufsicht.jpg\"><img decoding=\"async\" loading=\"lazy\" class=\"alignnone size-full wp-image-3716\" src=\"http:\/\/www.iraville.de\/blog\/wp-content\/uploads\/buch_draufsicht.jpg\" alt=\"\" width=\"1000\" height=\"650\" srcset=\"http:\/\/www.iraville.de\/blog\/wp-content\/uploads\/buch_draufsicht.jpg 1000w, http:\/\/www.iraville.de\/blog\/wp-content\/uploads\/buch_draufsicht-300x195.jpg 300w, http:\/\/www.iraville.de\/blog\/wp-content\/uploads\/buch_draufsicht-768x499.jpg 768w\" sizes=\"(max-width: 1000px) 100vw, 1000px\" \/><\/a><\/p>\n<p>Mein sch\u00f6nes Hardcover-Artbook &#8220;Cozy Days: The Art of Iraville&#8221; versammelt unz\u00e4hlige meiner besten Illustrationen sowie viele neue, bisher nie ver\u00f6ffentlichte Bilder. Dar\u00fcber hinaus gibt es Einblicke in meinen Schaffensproze\u00df und meinen Karriereweg. Und in DIY-Kapiteln erkl\u00e4re ich u.a., wie man Aquarallfarben selbst herstellen kann oder sich sein eigenes Skizzenbuch bindet.<\/p>\n<p>Der Verleger 3dtotal hat mich zu jedem Zeitpunkt mit einbezogen in die Erstellung des Buches. Wir haben zusammen bis ins Detail daran gefeilt, so dass wirklich alles, von den Texten, dem Layout, \u00fcber die vielen erg\u00e4nzenden Fotos, bis hin zu Papier und Materialien, genau so hochwertig ist, wie ich es mir vorher vorgestellt habe.<\/p>\n<p>Das Buch ist jetzt im Handel erh\u00e4ltlich und kann z.B. hier bestellt werden:<\/p>\n<p><a href=\"https:\/\/shop.3dtotal.com\/cozy-days-art-of-iraville.html\">https:\/\/shop.3dtotal.com\/cozy-days-art-of-iraville.html<\/a><\/p>\n<p><a href=\"http:\/\/www.iraville.de\/blog\/wp-content\/uploads\/buch_seite-1.jpg\"><img decoding=\"async\" loading=\"lazy\" class=\"alignnone size-medium wp-image-3739\" src=\"http:\/\/www.iraville.de\/blog\/wp-content\/uploads\/buch_seite-1-300x195.jpg\" alt=\"\" width=\"300\" height=\"195\" srcset=\"http:\/\/www.iraville.de\/blog\/wp-content\/uploads\/buch_seite-1-300x195.jpg 300w, http:\/\/www.iraville.de\/blog\/wp-content\/uploads\/buch_seite-1-768x499.jpg 768w, http:\/\/www.iraville.de\/blog\/wp-content\/uploads\/buch_seite-1.jpg 1000w\" sizes=\"(max-width: 300px) 100vw, 300px\" \/><\/a> <a href=\"http:\/\/www.iraville.de\/blog\/wp-content\/uploads\/buch_mit_schuber_seite-1.jpg\"><img decoding=\"async\" loading=\"lazy\" class=\"alignnone size-medium wp-image-3738\" src=\"http:\/\/www.iraville.de\/blog\/wp-content\/uploads\/buch_mit_schuber_seite-1-300x195.jpg\" alt=\"\" width=\"300\" height=\"195\" srcset=\"http:\/\/www.iraville.de\/blog\/wp-content\/uploads\/buch_mit_schuber_seite-1-300x195.jpg 300w, http:\/\/www.iraville.de\/blog\/wp-content\/uploads\/buch_mit_schuber_seite-1-768x499.jpg 768w, http:\/\/www.iraville.de\/blog\/wp-content\/uploads\/buch_mit_schuber_seite-1.jpg 1000w\" sizes=\"(max-width: 300px) 100vw, 300px\" \/><\/a><a href=\"http:\/\/www.iraville.de\/blog\/wp-content\/uploads\/buch_mit_schuber-1.jpg\"><img decoding=\"async\" loading=\"lazy\" class=\"alignnone size-medium wp-image-3737\" src=\"http:\/\/www.iraville.de\/blog\/wp-content\/uploads\/buch_mit_schuber-1-300x195.jpg\" alt=\"\" width=\"300\" height=\"195\" srcset=\"http:\/\/www.iraville.de\/blog\/wp-content\/uploads\/buch_mit_schuber-1-300x195.jpg 300w, http:\/\/www.iraville.de\/blog\/wp-content\/uploads\/buch_mit_schuber-1-768x499.jpg 768w, http:\/\/www.iraville.de\/blog\/wp-content\/uploads\/buch_mit_schuber-1.jpg 1000w\" sizes=\"(max-width: 300px) 100vw, 300px\" \/>\u00a0<\/a><a href=\"http:\/\/www.iraville.de\/blog\/wp-content\/uploads\/buildings.jpg\"><img decoding=\"async\" loading=\"lazy\" class=\"alignnone size-medium wp-image-3723\" src=\"http:\/\/www.iraville.de\/blog\/wp-content\/uploads\/buildings-300x195.jpg\" alt=\"\" width=\"300\" height=\"195\" srcset=\"http:\/\/www.iraville.de\/blog\/wp-content\/uploads\/buildings-300x195.jpg 300w, http:\/\/www.iraville.de\/blog\/wp-content\/uploads\/buildings-768x499.jpg 768w, http:\/\/www.iraville.de\/blog\/wp-content\/uploads\/buildings.jpg 1000w\" sizes=\"(max-width: 300px) 100vw, 300px\" \/><\/a><a href=\"http:\/\/www.iraville.de\/blog\/wp-content\/uploads\/plants-1.jpg\"><img decoding=\"async\" loading=\"lazy\" class=\"alignnone size-medium wp-image-3734\" src=\"http:\/\/www.iraville.de\/blog\/wp-content\/uploads\/plants-1-300x195.jpg\" alt=\"\" width=\"300\" height=\"195\" srcset=\"http:\/\/www.iraville.de\/blog\/wp-content\/uploads\/plants-1-300x195.jpg 300w, http:\/\/www.iraville.de\/blog\/wp-content\/uploads\/plants-1-768x499.jpg 768w, http:\/\/www.iraville.de\/blog\/wp-content\/uploads\/plants-1.jpg 1000w\" sizes=\"(max-width: 300px) 100vw, 300px\" \/>\u00a0<\/a><a href=\"http:\/\/www.iraville.de\/blog\/wp-content\/uploads\/characters2.jpg\"><img decoding=\"async\" loading=\"lazy\" class=\"alignnone size-medium wp-image-3725\" src=\"http:\/\/www.iraville.de\/blog\/wp-content\/uploads\/characters2-300x195.jpg\" alt=\"\" width=\"300\" height=\"195\" srcset=\"http:\/\/www.iraville.de\/blog\/wp-content\/uploads\/characters2-300x195.jpg 300w, http:\/\/www.iraville.de\/blog\/wp-content\/uploads\/characters2-768x499.jpg 768w, http:\/\/www.iraville.de\/blog\/wp-content\/uploads\/characters2.jpg 1000w\" sizes=\"(max-width: 300px) 100vw, 300px\" \/><\/a><a href=\"http:\/\/www.iraville.de\/blog\/wp-content\/uploads\/farbe-1.jpg\"><img decoding=\"async\" loading=\"lazy\" class=\"alignnone size-medium wp-image-3743\" src=\"http:\/\/www.iraville.de\/blog\/wp-content\/uploads\/farbe-1-300x195.jpg\" alt=\"\" width=\"300\" height=\"195\" srcset=\"http:\/\/www.iraville.de\/blog\/wp-content\/uploads\/farbe-1-300x195.jpg 300w, http:\/\/www.iraville.de\/blog\/wp-content\/uploads\/farbe-1-768x499.jpg 768w, http:\/\/www.iraville.de\/blog\/wp-content\/uploads\/farbe-1.jpg 1000w\" sizes=\"(max-width: 300px) 100vw, 300px\" \/>\u00a0<\/a><a href=\"http:\/\/www.iraville.de\/blog\/wp-content\/uploads\/animals-1.jpg\"><img decoding=\"async\" loading=\"lazy\" class=\"alignnone size-medium wp-image-3735\" src=\"http:\/\/www.iraville.de\/blog\/wp-content\/uploads\/animals-1-300x195.jpg\" alt=\"\" width=\"300\" height=\"195\" srcset=\"http:\/\/www.iraville.de\/blog\/wp-content\/uploads\/animals-1-300x195.jpg 300w, http:\/\/www.iraville.de\/blog\/wp-content\/uploads\/animals-1-768x499.jpg 768w, http:\/\/www.iraville.de\/blog\/wp-content\/uploads\/animals-1.jpg 1000w\" sizes=\"(max-width: 300px) 100vw, 300px\" \/><\/a><a href=\"http:\/\/www.iraville.de\/blog\/wp-content\/uploads\/characters-1.jpg\"><img decoding=\"async\" loading=\"lazy\" class=\"alignnone size-medium wp-image-3741\" src=\"http:\/\/www.iraville.de\/blog\/wp-content\/uploads\/characters-1-300x195.jpg\" alt=\"\" width=\"300\" height=\"195\" srcset=\"http:\/\/www.iraville.de\/blog\/wp-content\/uploads\/characters-1-300x195.jpg 300w, http:\/\/www.iraville.de\/blog\/wp-content\/uploads\/characters-1-768x499.jpg 768w, http:\/\/www.iraville.de\/blog\/wp-content\/uploads\/characters-1.jpg 1000w\" sizes=\"(max-width: 300px) 100vw, 300px\" \/><\/a><\/p>\n","protected":false},"excerpt":{"rendered":"<p>Mein sch\u00f6nes Hardcover-Artbook &#8220;Cozy Days: The Art of Iraville&#8221; versammelt unz\u00e4hlige meiner besten Illustrationen sowie viele neue, bisher nie ver\u00f6ffentlichte Bilder. Dar\u00fcber hinaus gibt es Einblicke in meinen Schaffensproze\u00df und meinen Karriereweg. Und in DIY-Kapiteln erkl\u00e4re ich u.a., wie man &hellip; <a href=\"http:\/\/www.iraville.de\/blog\/?page_id=3712\">Continue reading <span class=\"meta-nav\">&rarr;<\/span><\/a><\/p>\n","protected":false},"author":1,"featured_media":0,"parent":0,"menu_order":0,"comment_status":"closed","ping_status":"closed","template":"","meta":[],"_links":{"self":[{"href":"http:\/\/www.iraville.de\/blog\/index.php?rest_route=\/wp\/v2\/pages\/3712"}],"collection":[{"href":"http:\/\/www.iraville.de\/blog\/index.php?rest_route=\/wp\/v2\/pages"}],"about":[{"href":"http:\/\/www.iraville.de\/blog\/index.php?rest_route=\/wp\/v2\/types\/page"}],"author":[{"embeddable":true,"href":"http:\/\/www.iraville.de\/blog\/index.php?rest_route=\/wp\/v2\/users\/1"}],"replies":[{"embeddable":true,"href":"http:\/\/www.iraville.de\/blog\/index.php?rest_route=%2Fwp%2Fv2%2Fcomments&post=3712"}],"version-history":[{"count":13,"href":"http:\/\/www.iraville.de\/blog\/index.php?rest_route=\/wp\/v2\/pages\/3712\/revisions"}],"predecessor-version":[{"id":3747,"href":"http:\/\/www.iraville.de\/blog\/index.php?rest_route=\/wp\/v2\/pages\/3712\/revisions\/3747"}],"wp:attachment":[{"href":"http:\/\/www.iraville.de\/blog\/index.php?rest_route=%2Fwp%2Fv2%2Fmedia&parent=3712"}],"curies":[{"name":"wp","href":"https:\/\/api.w.org\/{rel}","templated":true}]}}